{"id":28,"date":"2020-04-27T17:23:02","date_gmt":"2020-04-27T15:23:02","guid":{"rendered":"https:\/\/www.ploessl-holz.de\/?page_id=28"},"modified":"2023-07-05T12:12:44","modified_gmt":"2023-07-05T10:12:44","slug":"startseite","status":"publish","type":"page","link":"https:\/\/www.ploessl-holz.de\/","title":{"rendered":"Startseite"},"content":{"rendered":"<p>[et_pb_section fb_built=&#8220;1&#8243; fullwidth=&#8220;on&#8220; _builder_version=&#8220;4.16&#8243; collapsed=&#8220;on&#8220; global_colors_info=&#8220;{}&#8220;][et_pb_fullwidth_image _builder_version=&#8220;4.16&#8243; background_enable_color=&#8220;off&#8220; border_color_top=&#8220;#851f23&#8243; border_width_bottom=&#8220;20px&#8220; border_color_bottom=&#8220;#da921d&#8220; border_color_top_tablet=&#8220;&#8220; border_color_top_phone=&#8220;&#8220; border_color_top_last_edited=&#8220;on|desktop&#8220; global_colors_info=&#8220;{}&#8220; border_color_top__hover_enabled=&#8220;on|desktop&#8220; border_color_top__hover=&#8220;#851f23&#8243;][\/et_pb_fullwidth_image][et_pb_fullwidth_image _builder_version=&#8220;4.16&#8243; background_enable_color=&#8220;off&#8220; border_color_top=&#8220;#851f23&#8243; border_width_bottom=&#8220;5px&#8220; border_color_bottom=&#8220;#ffffff&#8220; border_color_top_tablet=&#8220;&#8220; border_color_top_phone=&#8220;&#8220; border_color_top_last_edited=&#8220;on|desktop&#8220; global_colors_info=&#8220;{}&#8220; border_color_top__hover_enabled=&#8220;on|desktop&#8220; border_color_top__hover=&#8220;#851f23&#8243;][\/et_pb_fullwidth_image][\/et_pb_section][et_pb_section fb_built=&#8220;1&#8243; admin_label=&#8220;Header&#8220; _builder_version=&#8220;4.16&#8243; use_background_color_gradient=&#8220;on&#8220; background_color_gradient_type=&#8220;circular&#8220; background_color_gradient_direction_radial=&#8220;top right&#8220; background_color_gradient_stops=&#8220;#210b00 10%|rgba(33,25,21,0) 100%&#8220; background_color_gradient_overlays_image=&#8220;on&#8220; background_color_gradient_start=&#8220;#210b00&#8243; background_color_gradient_start_position=&#8220;10%&#8220; background_color_gradient_end=&#8220;rgba(33,25,21,0)&#8220; background_image=&#8220;https:\/\/www.ploessl-holz.de\/wp-content\/uploads\/2020\/04\/MG_5442-scaled.jpg&#8220; custom_padding=&#8220;0|0|80px||false|false&#8220; collapsed=&#8220;on&#8220; global_colors_info=&#8220;{}&#8220;][et_pb_row column_structure=&#8220;1_3,1_3,1_3&#8243; use_custom_gutter=&#8220;on&#8220; gutter_width=&#8220;1&#8243; _builder_version=&#8220;4.16&#8243; width=&#8220;100%&#8220; max_width=&#8220;100%&#8220; custom_padding=&#8220;0|0px|0px|40px|false|false&#8220; use_custom_width=&#8220;on&#8220; width_unit=&#8220;off&#8220; custom_width_percent=&#8220;100%&#8220; global_colors_info=&#8220;{}&#8220;][et_pb_column type=&#8220;1_3&#8243; _builder_version=&#8220;4.16&#8243; custom_padding=&#8220;|||&#8220; global_colors_info=&#8220;{}&#8220; custom_padding__hover=&#8220;|||&#8220;][\/et_pb_column][et_pb_column type=&#8220;1_3&#8243; _builder_version=&#8220;4.16&#8243; custom_padding=&#8220;|||&#8220; global_colors_info=&#8220;{}&#8220; custom_padding__hover=&#8220;|||&#8220;][\/et_pb_column][et_pb_column type=&#8220;1_3&#8243; _builder_version=&#8220;4.16&#8243; custom_padding=&#8220;|||&#8220; global_colors_info=&#8220;{}&#8220; custom_padding__hover=&#8220;|||&#8220;][et_pb_cta title=&#8220;Wir beraten Sie gerne!&#8220; _builder_version=&#8220;4.16&#8243; header_level=&#8220;h3&#8243; header_font=&#8220;|800||on|||||&#8220; header_letter_spacing=&#8220;1px&#8220; header_line_height=&#8220;1.7em&#8220; body_font=&#8220;Open Sans||||||||&#8220; body_font_size=&#8220;16px&#8220; body_line_height=&#8220;1.8em&#8220; background_color=&#8220;#da921d&#8220; custom_button=&#8220;on&#8220; button_text_size=&#8220;14px&#8220; button_text_color=&#8220;#ffffff&#8220; button_border_width=&#8220;0px&#8220; button_border_radius=&#8220;0px&#8220; button_letter_spacing=&#8220;2px&#8220; button_font=&#8220;Roboto|700||on|||||&#8220; button_icon=&#8220;&#x45;||divi||400&#8243; button_on_hover=&#8220;off&#8220; text_orientation=&#8220;left&#8220; custom_padding=&#8220;26px||26px||true|false&#8220; custom_padding_tablet=&#8220;|||&#8220; custom_padding_last_edited=&#8220;off|desktop&#8220; animation_style=&#8220;slide&#8220; animation_direction=&#8220;right&#8220; header_font_size_tablet=&#8220;&#8220; header_font_size_phone=&#8220;16px&#8220; header_font_size_last_edited=&#8220;on|phone&#8220; button_border_radius_hover=&#8220;0px&#8220; button_letter_spacing_hover=&#8220;2px&#8220; button_bg_color_hover=&#8220;rgba(0,0,0,0)&#8220; locked=&#8220;off&#8220; global_colors_info=&#8220;{}&#8220; button_text_size__hover_enabled=&#8220;off&#8220; button_one_text_size__hover_enabled=&#8220;off&#8220; button_two_text_size__hover_enabled=&#8220;off&#8220; button_text_color__hover_enabled=&#8220;off&#8220; button_one_text_color__hover_enabled=&#8220;off&#8220; button_two_text_color__hover_enabled=&#8220;off&#8220; button_border_width__hover_enabled=&#8220;off&#8220; button_one_border_width__hover_enabled=&#8220;off&#8220; button_two_border_width__hover_enabled=&#8220;off&#8220; button_border_color__hover_enabled=&#8220;off&#8220; button_one_border_color__hover_enabled=&#8220;off&#8220; button_two_border_color__hover_enabled=&#8220;off&#8220; button_border_radius__hover_enabled=&#8220;on&#8220; button_border_radius__hover=&#8220;0px&#8220; button_one_border_radius__hover_enabled=&#8220;off&#8220; button_two_border_radius__hover_enabled=&#8220;off&#8220; button_letter_spacing__hover_enabled=&#8220;on&#8220; button_letter_spacing__hover=&#8220;2px&#8220; button_one_letter_spacing__hover_enabled=&#8220;off&#8220; button_two_letter_spacing__hover_enabled=&#8220;off&#8220; button_bg_color__hover_enabled=&#8220;on&#8220; button_bg_color__hover=&#8220;rgba(0,0,0,0)&#8220; button_one_bg_color__hover_enabled=&#8220;off&#8220; button_two_bg_color__hover_enabled=&#8220;off&#8220;]<\/p>\n<p><strong>Rufen Sie uns an: +49 (0)8669 &#8211; 28 29<\/strong><\/p>\n<p>[\/et_pb_cta][\/et_pb_column][\/et_pb_row][et_pb_row column_structure=&#8220;2_3,1_3&#8243; _builder_version=&#8220;4.16&#8243; custom_margin=&#8220;|||&#8220; global_colors_info=&#8220;{}&#8220;][et_pb_column type=&#8220;2_3&#8243; _builder_version=&#8220;4.16&#8243; custom_padding=&#8220;|||&#8220; global_colors_info=&#8220;{}&#8220; custom_padding__hover=&#8220;|||&#8220;][et_pb_text _builder_version=&#8220;4.16&#8243; text_font=&#8220;Open Sans||||||||&#8220; text_font_size=&#8220;20px&#8220; text_line_height=&#8220;2em&#8220; header_font=&#8220;|800||on|||||&#8220; header_font_size=&#8220;50px&#8220; header_line_height=&#8220;1.4em&#8220; background_layout=&#8220;dark&#8220; max_width=&#8220;700px&#8220; text_font_size_tablet=&#8220;&#8220; text_font_size_phone=&#8220;16px&#8220; text_font_size_last_edited=&#8220;on|phone&#8220; header_font_size_tablet=&#8220;44px&#8220; header_font_size_phone=&#8220;24px&#8220; header_font_size_last_edited=&#8220;on|desktop&#8220; header_line_height_tablet=&#8220;1.4em&#8220; header_line_height_phone=&#8220;1.4em&#8220; header_line_height_last_edited=&#8220;on|desktop&#8220; global_colors_info=&#8220;{}&#8220;]<\/p>\n<h1>Gestalten Sie Ihr Heim mit Holz von Pl\u00f6ssl!<\/h1>\n<p>&nbsp;<\/p>\n<h2 style=\"text-align: left;\"><strong><span style=\"color: #851f23;\">\u25a0<\/span>\u00a0 zum Bauen\u00a0\u00a0\u00a0 <\/strong><strong><span style=\"color: #851f23;\">\u25a0<\/span>\u00a0 zum Wohnen\u00a0\u00a0\u00a0 <\/strong><strong><span style=\"color: #851f23;\">\u25a0<\/span>\u00a0 im Garten<\/strong><\/h2>\n<p>&nbsp;<\/p>\n<p>[\/et_pb_text][\/et_pb_column][et_pb_column type=&#8220;1_3&#8243; _builder_version=&#8220;4.16&#8243; custom_padding=&#8220;|||&#8220; global_colors_info=&#8220;{}&#8220; custom_padding__hover=&#8220;|||&#8220;][et_pb_image src=&#8220;https:\/\/www.ploessl-holz.de\/wp-content\/uploads\/2020\/05\/Ploessl_Logo_4c_2.png&#8220; title_text=&#8220;Ploessl_Logo_4c_2&#8243; align=&#8220;right&#8220; src_tablet=&#8220;https:\/\/www.ploessl-holz.de\/wp-content\/uploads\/2020\/05\/Ploessl_Logo_4c_2.png&#8220; src_phone=&#8220;https:\/\/www.ploessl-holz.de\/wp-content\/uploads\/2020\/05\/Ploessl_Logo_4c_2.png&#8220; src_last_edited=&#8220;on|phone&#8220; _builder_version=&#8220;4.16&#8243; transform_scale=&#8220;180%|180%&#8220; transform_scale_tablet=&#8220;100%|100%&#8220; transform_scale_phone=&#8220;&#8220; transform_scale_last_edited=&#8220;on|desktop&#8220; transform_translate=&#8220;0px|125px&#8220; transform_translate_tablet=&#8220;0px|0px&#8220; transform_translate_phone=&#8220;&#8220; transform_translate_last_edited=&#8220;on|desktop&#8220; transform_translate_linked=&#8220;off&#8220; transform_translate_linked_tablet=&#8220;off&#8220; transform_rotate_tablet=&#8220;&#8220; transform_rotate_phone=&#8220;&#8220; transform_rotate_last_edited=&#8220;on|tablet&#8220; transform_skew_tablet=&#8220;&#8220; transform_skew_phone=&#8220;&#8220; transform_skew_last_edited=&#8220;on|tablet&#8220; transform_origin_tablet=&#8220;&#8220; transform_origin_phone=&#8220;&#8220; transform_origin_last_edited=&#8220;on|tablet&#8220; transform_styles_last_edited=&#8220;on|desktop&#8220; height_tablet=&#8220;&#8220; height_phone=&#8220;&#8220; height_last_edited=&#8220;on|desktop&#8220; transform_styles_tablet=&#8220;&#8220; transform_styles_phone=&#8220;&#8220; border_color_all=&#8220;#ffffff&#8220; global_colors_info=&#8220;{}&#8220;][\/et_pb_image][\/et_pb_column][\/et_pb_row][\/et_pb_section][et_pb_section fb_built=&#8220;1&#8243; inner_shadow=&#8220;on&#8220; fullwidth=&#8220;on&#8220; _builder_version=&#8220;4.16&#8243; top_divider_color=&#8220;#da921d&#8220; top_divider_height=&#8220;50px&#8220; top_divider_flip=&#8220;horizontal|vertical&#8220; collapsed=&#8220;on&#8220; global_colors_info=&#8220;{}&#8220;][et_pb_fullwidth_image _builder_version=&#8220;4.16&#8243; background_enable_color=&#8220;off&#8220; border_color_top=&#8220;#851f23&#8243; border_width_bottom=&#8220;10px&#8220; border_color_bottom=&#8220;#ffffff&#8220; border_color_top_tablet=&#8220;&#8220; border_color_top_phone=&#8220;&#8220; border_color_top_last_edited=&#8220;on|desktop&#8220; global_colors_info=&#8220;{}&#8220; border_color_top__hover_enabled=&#8220;on|desktop&#8220; border_color_top__hover=&#8220;#851f23&#8243;][\/et_pb_fullwidth_image][et_pb_fullwidth_image _builder_version=&#8220;4.16&#8243; background_enable_color=&#8220;off&#8220; border_width_top=&#8220;50px&#8220; border_color_top=&#8220;#851f23&#8243; border_color_top_tablet=&#8220;&#8220; border_color_top_phone=&#8220;&#8220; border_color_top_last_edited=&#8220;on|desktop&#8220; global_colors_info=&#8220;{}&#8220; border_color_top__hover_enabled=&#8220;on|desktop&#8220; border_color_top__hover=&#8220;#851f23&#8243;][\/et_pb_fullwidth_image][\/et_pb_section][et_pb_section fb_built=&#8220;1&#8243; admin_label=&#8220;Angebot&#8220; _builder_version=&#8220;4.16&#8243; background_image=&#8220;https:\/\/www.ploessl-holz.de\/wp-content\/uploads\/2020\/04\/wood-3212803.jpg&#8220; parallax=&#8220;on&#8220; parallax_method=&#8220;off&#8220; custom_padding=&#8220;0|0|54px|0px|false|false&#8220; collapsed=&#8220;off&#8220; global_colors_info=&#8220;{}&#8220;][et_pb_row use_custom_gutter=&#8220;on&#8220; gutter_width=&#8220;1&#8243; padding_top_bottom_link_2=&#8220;true&#8220; padding_left_right_link_2=&#8220;true&#8220; admin_label=&#8220;Zeile&#8220; _builder_version=&#8220;4.16&#8243; custom_padding=&#8220;0|0px|27px|0px|false|false&#8220; animation_style=&#8220;slide&#8220; animation_direction=&#8220;top&#8220; animation_intensity_slide=&#8220;20%&#8220; locked=&#8220;off&#8220; collapsed=&#8220;off&#8220; global_colors_info=&#8220;{}&#8220;][et_pb_column type=&#8220;4_4&#8243; _builder_version=&#8220;4.16&#8243; custom_padding=&#8220;|||&#8220; global_colors_info=&#8220;{}&#8220; custom_padding__hover=&#8220;|||&#8220;][et_pb_divider show_divider=&#8220;off&#8220; _builder_version=&#8220;4.16&#8243; height=&#8220;40px&#8220; global_colors_info=&#8220;{}&#8220;][\/et_pb_divider][et_pb_text admin_label=&#8220;Angebot&#8220; _builder_version=&#8220;4.21.0&#8243; text_font=&#8220;||||||||&#8220; text_text_color=&#8220;#ffffff&#8220; ul_font=&#8220;||||||||&#8220; ol_font=&#8220;||||||||&#8220; quote_font=&#8220;||||||||&#8220; header_font=&#8220;||||||||&#8220; header_2_font=&#8220;|800|||||||&#8220; header_2_text_color=&#8220;#ffffff&#8220; header_2_font_size=&#8220;24px&#8220; header_2_line_height=&#8220;1.8em&#8220; header_3_font=&#8220;||||||||&#8220; header_4_font=&#8220;|800||on|||||&#8220; header_4_text_color=&#8220;#ffffff&#8220; header_4_font_size=&#8220;16px&#8220; header_4_letter_spacing=&#8220;0.5px&#8220; header_4_line_height=&#8220;1.7em&#8220; header_5_font=&#8220;||||||||&#8220; header_6_font=&#8220;||||||||&#8220; background_color=&#8220;rgba(133,31,35,0.75)&#8220; background_layout=&#8220;dark&#8220; padding_1_last_edited=&#8220;on|desktop&#8220; custom_padding=&#8220;30px|50px|30px|50px|true|true|20px|10%|20px|10%|true|true||on|desktop&#8220; custom_padding_tablet=&#8220;&#8220; custom_padding_phone=&#8220;20px|10%|20px|10%|true|true&#8220; custom_padding_last_edited=&#8220;on|phone&#8220; hover_enabled=&#8220;0&#8243; header_2_font_size_tablet=&#8220;&#8220; header_2_font_size_phone=&#8220;18px&#8220; header_2_font_size_last_edited=&#8220;on|phone&#8220; locked=&#8220;off&#8220; global_colors_info=&#8220;{}&#8220; sticky_enabled=&#8220;0&#8243;]<\/p>\n<h2>Willkommen auf unserer Internetseite!<\/h2>\n<h3>Wir freuen uns auch auf eueren Besuch in unserer Ausstellungshalle!<\/h3>\n<p>[\/et_pb_text][\/et_pb_column][\/et_pb_row][et_pb_row column_structure=&#8220;1_3,1_3,1_3&#8243; admin_label=&#8220;Beschreibung&#8220; _builder_version=&#8220;4.16&#8243; transform_translate=&#8220;0px|-40px&#8220; transform_translate_linked=&#8220;off&#8220; custom_margin=&#8220;40px||40px||true&#8220; custom_padding=&#8220;|||&#8220; global_colors_info=&#8220;{}&#8220;][et_pb_column type=&#8220;1_3&#8243; _builder_version=&#8220;4.16&#8243; custom_padding=&#8220;|||&#8220; custom_padding_tablet=&#8220;||40px|&#8220; custom_padding_phone=&#8220;||40px|&#8220; custom_padding_last_edited=&#8220;off|desktop&#8220; global_colors_info=&#8220;{}&#8220; padding_phone=&#8220;||40px|&#8220; padding_tablet=&#8220;||40px|&#8220; padding_last_edited=&#8220;off|desktop&#8220; custom_padding__hover=&#8220;|||&#8220;][et_pb_blurb title=&#8220;F\u00fcr Privat &#038; Gewerbe&#8220; image=&#8220;https:\/\/www.ploessl-holz.de\/wp-content\/uploads\/2020\/05\/F\u00fcr-privat-und-gewerbe.jpg&#8220; admin_label=&#8220;Informationstext&#8220; _builder_version=&#8220;4.16&#8243; header_level=&#8220;h3&#8243; header_font=&#8220;|700||on|||||&#8220; header_text_align=&#8220;center&#8220; background_color=&#8220;rgba(218,146,29,0.7)&#8220; text_orientation=&#8220;justified&#8220; background_layout=&#8220;dark&#8220; custom_padding=&#8220;10px|20px|10px|10px|false|false&#8220; header_text_shadow_style=&#8220;preset2&#8243; box_shadow_style=&#8220;preset2&#8243; global_colors_info=&#8220;{}&#8220;]<\/p>\n<p>Die Firma Pl\u00f6ssl bedient die Anspr\u00fcche sowohl privater wie auch gewerblicher Kunden an umfangreiche Auswahl, hohe Qualit\u00e4t wie auch Dienstleitung.<\/p>\n<p>[\/et_pb_blurb][et_pb_blurb title=&#8220;Ausstellungshalle&#8220; image=&#8220;https:\/\/www.ploessl-holz.de\/wp-content\/uploads\/2020\/05\/Ausstellungshalle.jpg&#8220; admin_label=&#8220;Informationstext&#8220; _builder_version=&#8220;4.16&#8243; header_level=&#8220;h3&#8243; header_font=&#8220;|700||on|||||&#8220; header_text_align=&#8220;center&#8220; background_color=&#8220;rgba(218,146,29,0.7)&#8220; text_orientation=&#8220;justified&#8220; background_layout=&#8220;dark&#8220; custom_padding=&#8220;10px|20px|10px|10px|false|false&#8220; header_text_shadow_style=&#8220;preset2&#8243; box_shadow_style=&#8220;preset2&#8243; global_colors_info=&#8220;{}&#8220;]<\/p>\n<p>In der modernen Ausstellungshalle und auf dem gro\u00dfz\u00fcgigen Freigel\u00e4nde k\u00f6nnen Sie sich von unserer Produktpalette f\u00fcr Innen- und Au\u00dfenbereiche zu \u00fcberzeugen.<\/p>\n<p>[\/et_pb_blurb][et_pb_blurb title=&#8220;Hobelwerk und Trockenraum&#8220; image=&#8220;https:\/\/www.ploessl-holz.de\/wp-content\/uploads\/2020\/05\/Trockenraum.jpg&#8220; admin_label=&#8220;Informationstext&#8220; _builder_version=&#8220;4.16&#8243; header_level=&#8220;h3&#8243; header_font=&#8220;|700||on|||||&#8220; header_text_align=&#8220;center&#8220; background_color=&#8220;rgba(218,146,29,0.7)&#8220; text_orientation=&#8220;justified&#8220; background_layout=&#8220;dark&#8220; custom_padding=&#8220;10px|20px|10px|10px|false|false&#8220; header_text_shadow_style=&#8220;preset2&#8243; box_shadow_style=&#8220;preset2&#8243; global_colors_info=&#8220;{}&#8220;]<\/p>\n<p>Das hochwertige Holz verarbeiten wir in der eigenen Trockenkammer und im eigenen Hobelwerk, beides betrieben durch eigene Stromerzeugung.<\/p>\n<p>[\/et_pb_blurb][\/et_pb_column][et_pb_column type=&#8220;1_3&#8243; _builder_version=&#8220;4.16&#8243; custom_padding=&#8220;|||&#8220; custom_padding_tablet=&#8220;||40px|&#8220; custom_padding_phone=&#8220;||40px|&#8220; custom_padding_last_edited=&#8220;off|desktop&#8220; global_colors_info=&#8220;{}&#8220; padding_phone=&#8220;||40px|&#8220; padding_tablet=&#8220;||40px|&#8220; padding_last_edited=&#8220;off|desktop&#8220; custom_padding__hover=&#8220;|||&#8220;][et_pb_blurb title=&#8220;Fachkundige Beratung&#8220; image=&#8220;https:\/\/www.ploessl-holz.de\/wp-content\/uploads\/2020\/05\/Beratung.jpg&#8220; admin_label=&#8220;Informationstext&#8220; _builder_version=&#8220;4.16&#8243; header_level=&#8220;h3&#8243; header_font=&#8220;|700||on|||||&#8220; header_text_align=&#8220;center&#8220; background_color=&#8220;rgba(218,146,29,0.7)&#8220; text_orientation=&#8220;justified&#8220; background_layout=&#8220;dark&#8220; custom_padding=&#8220;10px|20px|10px|10px|false|false&#8220; header_text_shadow_style=&#8220;preset2&#8243; box_shadow_style=&#8220;preset2&#8243; global_colors_info=&#8220;{}&#8220;]<\/p>\n<p>Wir legen gro\u00dfen Wert auf kompetente und pers\u00f6nliche Beratung. Unsere Berater bestens geschult und stehen Ihnen mit Rat und Tat zur Seite.<\/p>\n<p>[\/et_pb_blurb][et_pb_blurb title=&#8220;Individuelle Anfertigung&#8220; image=&#8220;https:\/\/www.ploessl-holz.de\/wp-content\/uploads\/2020\/05\/Individuelle-Fertigung.jpg&#8220; admin_label=&#8220;Informationstext&#8220; _builder_version=&#8220;4.16&#8243; header_level=&#8220;h3&#8243; header_font=&#8220;|700||on|||||&#8220; header_text_align=&#8220;center&#8220; background_color=&#8220;rgba(218,146,29,0.7)&#8220; text_orientation=&#8220;justified&#8220; background_layout=&#8220;dark&#8220; custom_padding=&#8220;10px|20px|10px|10px|false|false&#8220; header_text_shadow_style=&#8220;preset2&#8243; box_shadow_style=&#8220;preset2&#8243; global_colors_info=&#8220;{}&#8220;]<\/p>\n<p>Bei uns k\u00f6nnen Sie Ihrer Kreativit\u00e4t Raum schenken, denn wir fertigen gerne nach individuellen W\u00fcnschen.<\/p>\n<p>[\/et_pb_blurb][et_pb_blurb title=&#8220;Lieferservice&#8220; image=&#8220;https:\/\/www.ploessl-holz.de\/wp-content\/uploads\/2020\/05\/Lieferung.jpg&#8220; admin_label=&#8220;Informationstext&#8220; _builder_version=&#8220;4.16&#8243; header_level=&#8220;h3&#8243; header_font=&#8220;|700||on|||||&#8220; header_text_align=&#8220;center&#8220; background_color=&#8220;rgba(218,146,29,0.7)&#8220; text_orientation=&#8220;justified&#8220; background_layout=&#8220;dark&#8220; custom_padding=&#8220;10px|20px|10px|10px|false|false&#8220; header_text_shadow_style=&#8220;preset2&#8243; box_shadow_style=&#8220;preset2&#8243; global_colors_info=&#8220;{}&#8220;]<\/p>\n<p>Selbstverst\u00e4ndlich bietet unser Haus nach Absprache einen Lieferservice mit eigenem Lieferfahrzeug an. Sprechen Sie uns an!<\/p>\n<p>[\/et_pb_blurb][\/et_pb_column][et_pb_column type=&#8220;1_3&#8243; _builder_version=&#8220;4.16&#8243; background_size=&#8220;initial&#8220; background_position=&#8220;top_left&#8220; custom_padding=&#8220;|||&#8220; global_colors_info=&#8220;{}&#8220; custom_padding__hover=&#8220;|||&#8220;][et_pb_blurb title=&#8220;Umfangreiche Auswahl&#8220; image=&#8220;https:\/\/www.ploessl-holz.de\/wp-content\/uploads\/2020\/05\/Auswahl.jpg&#8220; admin_label=&#8220;Informationstext&#8220; _builder_version=&#8220;4.16&#8243; header_level=&#8220;h3&#8243; header_font=&#8220;|700||on|||||&#8220; header_text_align=&#8220;center&#8220; background_color=&#8220;rgba(218,146,29,0.7)&#8220; text_orientation=&#8220;justified&#8220; background_layout=&#8220;dark&#8220; custom_padding=&#8220;10px|20px|10px|10px|false|false&#8220; header_text_shadow_style=&#8220;preset2&#8243; box_shadow_style=&#8220;preset2&#8243; global_colors_info=&#8220;{}&#8220;]<\/p>\n<p>\u00dcberzeugen Sie sich von unserem vielf\u00e4ltigen Angebot, sei es zum Bauen, Wohnen oder auch f\u00fcr den Garten.<\/p>\n<p>[\/et_pb_blurb][et_pb_blurb title=&#8220;Umweltbewusstes Arbeiten&#8220; image=&#8220;https:\/\/www.ploessl-holz.de\/wp-content\/uploads\/2020\/05\/Umweltbewusst.jpg&#8220; admin_label=&#8220;Informationstext&#8220; _builder_version=&#8220;4.16&#8243; header_level=&#8220;h3&#8243; header_font=&#8220;|700||on|||||&#8220; header_text_align=&#8220;center&#8220; background_color=&#8220;rgba(218,146,29,0.7)&#8220; text_orientation=&#8220;justified&#8220; background_layout=&#8220;dark&#8220; custom_padding=&#8220;10px|20px|10px|10px|false|false&#8220; header_text_shadow_style=&#8220;preset2&#8243; box_shadow_style=&#8220;preset2&#8243; global_colors_info=&#8220;{}&#8220;]<\/p>\n<p>Die Verarbeitung des Holzes erfolgt ausschlie\u00dflich mit regenerativen Energien aus der eigenen Wasserkraftanlage.<\/p>\n<p>[\/et_pb_blurb][et_pb_blurb title=&#8220;Verlegeservice&#8220; image=&#8220;https:\/\/www.ploessl-holz.de\/wp-content\/uploads\/2020\/05\/Verlegeservice.jpg&#8220; admin_label=&#8220;Informationstext&#8220; _builder_version=&#8220;4.16&#8243; header_level=&#8220;h3&#8243; header_font=&#8220;|700||on|||||&#8220; header_text_align=&#8220;center&#8220; background_color=&#8220;rgba(218,146,29,0.7)&#8220; text_orientation=&#8220;justified&#8220; background_layout=&#8220;dark&#8220; custom_padding=&#8220;10px|20px|10px|10px|false|false&#8220; header_text_shadow_style=&#8220;preset2&#8243; box_shadow_style=&#8220;preset2&#8243; global_colors_info=&#8220;{}&#8220;]<\/p>\n<p>Das fachkundige Verlegen ist ebenso wichtig f\u00fcr Langlebigkeit wie die Verwendung von hochwertigem Material, daher bieten wie unseren Kunden einen Verlegeservice.<\/p>\n<p>[\/et_pb_blurb][\/et_pb_column][\/et_pb_row][\/et_pb_section][et_pb_section fb_built=&#8220;1&#8243; admin_label=&#8220;Footer&#8220; _builder_version=&#8220;4.16&#8243; use_background_color_gradient=&#8220;on&#8220; background_color_gradient_type=&#8220;circular&#8220; background_color_gradient_direction_radial=&#8220;top right&#8220; background_color_gradient_stops=&#8220;#210b00 10%|rgba(33,25,21,0) 100%&#8220; background_color_gradient_overlays_image=&#8220;on&#8220; background_color_gradient_start=&#8220;#210b00&#8243; background_color_gradient_start_position=&#8220;10%&#8220; background_color_gradient_end=&#8220;rgba(33,25,21,0)&#8220; background_image=&#8220;https:\/\/www.ploessl-holz.de\/wp-content\/uploads\/2020\/04\/carpenter-image-41.jpg&#8220; custom_padding=&#8220;100px||100px||true|false&#8220; collapsed=&#8220;on&#8220; global_colors_info=&#8220;{}&#8220;][\/et_pb_section]<\/p>\n","protected":false},"excerpt":{"rendered":"<p>Rufen Sie uns an: +49 (0)8669 &#8211; 28 29Gestalten Sie Ihr Heim mit Holz von Pl\u00f6ssl! &nbsp; \u25a0\u00a0 zum Bauen\u00a0\u00a0\u00a0 \u25a0\u00a0 zum Wohnen\u00a0\u00a0\u00a0 \u25a0\u00a0 im Garten &nbsp;Willkommen auf unserer Internetseite! Wir freuen uns auch auf eueren Besuch in unserer Ausstellungshalle!Die Firma Pl\u00f6ssl bedient die Anspr\u00fcche sowohl privater wie auch gewerblicher Kunden an umfangreiche Auswahl, hohe [&hellip;]<\/p>\n","protected":false},"author":1,"featured_media":0,"parent":0,"menu_order":0,"comment_status":"closed","ping_status":"closed","template":"","meta":{"_et_pb_use_builder":"on","_et_pb_old_content":"","_et_gb_content_width":""},"_links":{"self":[{"href":"https:\/\/www.ploessl-holz.de\/index.php?rest_route=\/wp\/v2\/pages\/28"}],"collection":[{"href":"https:\/\/www.ploessl-holz.de\/index.php?rest_route=\/wp\/v2\/pages"}],"about":[{"href":"https:\/\/www.ploessl-holz.de\/index.php?rest_route=\/wp\/v2\/types\/page"}],"author":[{"embeddable":true,"href":"https:\/\/www.ploessl-holz.de\/index.php?rest_route=\/wp\/v2\/users\/1"}],"replies":[{"embeddable":true,"href":"https:\/\/www.ploessl-holz.de\/index.php?rest_route=%2Fwp%2Fv2%2Fcomments&post=28"}],"version-history":[{"count":173,"href":"https:\/\/www.ploessl-holz.de\/index.php?rest_route=\/wp\/v2\/pages\/28\/revisions"}],"predecessor-version":[{"id":1018,"href":"https:\/\/www.ploessl-holz.de\/index.php?rest_route=\/wp\/v2\/pages\/28\/revisions\/1018"}],"wp:attachment":[{"href":"https:\/\/www.ploessl-holz.de\/index.php?rest_route=%2Fwp%2Fv2%2Fmedia&parent=28"}],"curies":[{"name":"wp","href":"https:\/\/api.w.org\/{rel}","templated":true}]}}