{"id":465,"date":"2020-04-29T17:06:37","date_gmt":"2020-04-29T15:06:37","guid":{"rendered":"https:\/\/www.ploessl-holz.de\/?page_id=465"},"modified":"2020-05-18T14:17:12","modified_gmt":"2020-05-18T12:17:12","slug":"wohnen","status":"publish","type":"page","link":"https:\/\/www.ploessl-holz.de\/?page_id=465","title":{"rendered":"Wohnen"},"content":{"rendered":"<p>[et_pb_section fb_built=&#8220;1&#8243; fullwidth=&#8220;on&#8220; _builder_version=&#8220;4.4.4&#8243;][et_pb_fullwidth_image _builder_version=&#8220;4.4.4&#8243; background_enable_color=&#8220;off&#8220; border_color_top=&#8220;#851f23&#8243; border_width_bottom=&#8220;20px&#8220; border_color_bottom=&#8220;#da921d&#8220; border_color_top_tablet=&#8220;&#8220; border_color_top_phone=&#8220;&#8220; border_color_top_last_edited=&#8220;on|desktop&#8220; border_color_top__hover_enabled=&#8220;on|desktop&#8220;][\/et_pb_fullwidth_image][et_pb_fullwidth_image _builder_version=&#8220;4.4.4&#8243; background_enable_color=&#8220;off&#8220; border_color_top=&#8220;#851f23&#8243; border_width_bottom=&#8220;5px&#8220; border_color_bottom=&#8220;#ffffff&#8220; border_color_top_tablet=&#8220;&#8220; border_color_top_phone=&#8220;&#8220; border_color_top_last_edited=&#8220;on|desktop&#8220; border_color_top__hover_enabled=&#8220;on|desktop&#8220;][\/et_pb_fullwidth_image][et_pb_fullwidth_slider show_pagination=&#8220;off&#8220; dot_nav_custom_color=&#8220;rgba(0,0,0,0)&#8220; _builder_version=&#8220;4.4.4&#8243; background_color=&#8220;rgba(0,0,0,0)&#8220; content_max_width=&#8220;100%&#8220; height=&#8220;500px&#8220; animation_style=&#8220;flip&#8220; auto=&#8220;on&#8220; auto_speed=&#8220;4000&#8243; border_width_bottom=&#8220;10px&#8220; border_color_bottom=&#8220;#ffffff&#8220; border_width_bottom_image=&#8220;10px&#8220; box_shadow_style_image=&#8220;preset2&#8243;][et_pb_slide _builder_version=&#8220;4.4.4&#8243; background_color=&#8220;#e09900&#8243; background_enable_color=&#8220;on&#8220; background_image=&#8220;https:\/\/www.ploessl-holz.de\/wp-content\/uploads\/2020\/04\/WohnenI.jpg&#8220; background_enable_image=&#8220;on&#8220; width=&#8220;100%&#8220; max_width=&#8220;100%&#8220;][\/et_pb_slide][et_pb_slide _builder_version=&#8220;4.4.4&#8243; background_color=&#8220;#e09900&#8243; background_enable_color=&#8220;on&#8220; background_image=&#8220;https:\/\/www.ploessl-holz.de\/wp-content\/uploads\/2020\/04\/WohnenII.jpg&#8220; background_enable_image=&#8220;on&#8220; width=&#8220;100%&#8220; max_width=&#8220;100%&#8220;][\/et_pb_slide][et_pb_slide use_text_overlay=&#8220;off&#8220; dot_nav_custom_color=&#8220;rgba(0,0,0,0)&#8220; _builder_version=&#8220;4.4.4&#8243; background_color=&#8220;#e09900&#8243; background_enable_color=&#8220;on&#8220; background_image=&#8220;https:\/\/www.ploessl-holz.de\/wp-content\/uploads\/2020\/04\/WOHNENIII.jpg&#8220; background_enable_image=&#8220;on&#8220; width=&#8220;100%&#8220; max_width=&#8220;100%&#8220; hover_transition_speed_curve=&#8220;ease-in-out&#8220;][\/et_pb_slide][\/et_pb_fullwidth_slider][et_pb_fullwidth_image _builder_version=&#8220;4.4.4&#8243; background_enable_color=&#8220;off&#8220; border_width_top=&#8220;50px&#8220; border_color_top=&#8220;#851f23&#8243; border_color_top_tablet=&#8220;&#8220; border_color_top_phone=&#8220;&#8220; border_color_top_last_edited=&#8220;on|desktop&#8220; border_color_top__hover_enabled=&#8220;on|desktop&#8220;][\/et_pb_fullwidth_image][\/et_pb_section][et_pb_section fb_built=&#8220;1&#8243; admin_label=&#8220;Body&#8220; _builder_version=&#8220;4.4.6&#8243; background_image=&#8220;https:\/\/www.ploessl-holz.de\/wp-content\/uploads\/2020\/04\/wood-3333863-scaled-e1588172727581.jpg&#8220; parallax=&#8220;on&#8220; parallax_method=&#8220;off&#8220; hover_enabled=&#8220;0&#8243;][et_pb_row column_structure=&#8220;1_4,3_4&#8243; _builder_version=&#8220;3.25&#8243;][et_pb_column type=&#8220;1_4&#8243; _builder_version=&#8220;3.25&#8243; custom_padding=&#8220;|||&#8220; custom_padding__hover=&#8220;|||&#8220;][et_pb_blurb title=&#8220;BAUEN&#8220; use_icon=&#8220;on&#8220; font_icon=&#8220;%%61%%&#8220; icon_color=&#8220;#ffffff&#8220; icon_placement=&#8220;left&#8220; _builder_version=&#8220;4.4.4&#8243; header_level=&#8220;h2&#8243; header_font=&#8220;Arial||||||||&#8220; header_line_height=&#8220;1.5em&#8220; background_layout=&#8220;dark&#8220; header_text_shadow_style=&#8220;preset2&#8243;][\/et_pb_blurb][et_pb_blurb title=&#8220;WOHNEN&#8220; use_icon=&#8220;on&#8220; font_icon=&#8220;%%61%%&#8220; icon_color=&#8220;#da921d&#8220; icon_placement=&#8220;left&#8220; _builder_version=&#8220;4.4.4&#8243; header_level=&#8220;h2&#8243; header_font=&#8220;Arial|700|||||||&#8220; header_text_color=&#8220;#da921d&#8220; header_line_height=&#8220;1.5em&#8220; background_layout=&#8220;dark&#8220; header_text_shadow_style=&#8220;preset2&#8243;][\/et_pb_blurb][et_pb_blurb title=&#8220;GARTEN&#8220; use_icon=&#8220;on&#8220; font_icon=&#8220;%%61%%&#8220; icon_color=&#8220;#ffffff&#8220; icon_placement=&#8220;left&#8220; _builder_version=&#8220;4.4.4&#8243; header_level=&#8220;h2&#8243; header_font=&#8220;Arial||||||||&#8220; header_line_height=&#8220;1.5em&#8220; background_layout=&#8220;dark&#8220; header_text_shadow_style=&#8220;preset2&#8243;][\/et_pb_blurb][et_pb_blurb title=&#8220;\u00dcBER UNS&#8220; use_icon=&#8220;on&#8220; font_icon=&#8220;%%61%%&#8220; icon_color=&#8220;#ffffff&#8220; icon_placement=&#8220;left&#8220; _builder_version=&#8220;4.4.4&#8243; header_level=&#8220;h2&#8243; header_font=&#8220;Arial||||||||&#8220; header_line_height=&#8220;1.5em&#8220; background_layout=&#8220;dark&#8220; header_text_shadow_style=&#8220;preset2&#8243;][\/et_pb_blurb][\/et_pb_column][et_pb_column type=&#8220;3_4&#8243; _builder_version=&#8220;3.25&#8243; custom_padding=&#8220;|||&#8220; custom_padding__hover=&#8220;|||&#8220;][et_pb_text _builder_version=&#8220;4.4.5&#8243; text_font=&#8220;Arial|600|||||||&#8220; text_text_color=&#8220;#495050&#8243; text_font_size=&#8220;16px&#8220; text_line_height=&#8220;1.8em&#8220; header_font=&#8220;||||||||&#8220; header_2_font=&#8220;||||||||&#8220; header_3_font=&#8220;|800|||||||&#8220; header_3_text_color=&#8220;#f25b3a&#8220; header_3_font_size=&#8220;24px&#8220; header_3_line_height=&#8220;1.8em&#8220; background_color=&#8220;rgba(255,255,255,0.75)&#8220; custom_padding=&#8220;30px|30px|30px|50px|false|false&#8220; text_font_phone=&#8220;Arial||||||||&#8220; text_font_last_edited=&#8220;off|phone&#8220; text_text_color_last_edited=&#8220;off|desktop&#8220; text_font_size_tablet=&#8220;&#8220; text_font_size_phone=&#8220;12px&#8220; text_font_size_last_edited=&#8220;on|phone&#8220; header_2_font_phone=&#8220;|700|||||||&#8220; header_2_font_last_edited=&#8220;off|phone&#8220; header_2_text_color_last_edited=&#8220;off|desktop&#8220; header_2_font_size_phone=&#8220;15px&#8220; header_2_font_size_last_edited=&#8220;off|desktop&#8220; header_3_font_size_tablet=&#8220;&#8220; header_3_font_size_phone=&#8220;18px&#8220; header_3_font_size_last_edited=&#8220;on|phone&#8220; box_shadow_style=&#8220;preset2&#8243; locked=&#8220;off&#8220;]<\/p>\n<h2><span style=\"color: #851f23;\"><strong>BODENBEL\u00c4GE<\/strong><\/span><\/h2>\n<p><span style=\"color: #851f23;\">\u25a0<\/span>\u00a0 Parkett<br \/> <span style=\"color: #851f23;\">\u25a0<\/span>\u00a0 Landhausdielen<br \/> <span style=\"color: #851f23;\">\u25a0<\/span>\u00a0 Schiffsb\u00f6den<br \/> <span style=\"color: #851f23;\">\u25a0<\/span>\u00a0 Vinylb\u00f6den<br \/> <span style=\"color: #851f23;\">\u25a0<\/span>\u00a0 Laminatb\u00f6den<br \/> <span style=\"color: #851f23;\">\u25a0<\/span>\u00a0 Korkb\u00f6den<br \/> <span style=\"color: #851f23;\">\u25a0<\/span>\u00a0 Massivholzdielen<br \/> <span style=\"color: #851f23;\">\u25a0<\/span>\u00a0 Bodenzubeh\u00f6r<\/p>\n<p>Fliesenoptik, PVC-frei, 100 % nat\u00fcrliche Bestandteile, wasserfest, &#8230;<br \/> Ob f\u00fcr privaten oder gewerblichen Bereich. Wir haben den passenden Boden f\u00fcr Ihre Anspr\u00fcche.<\/p>\n<p>&nbsp;<\/p>\n<h2><span style=\"color: #851f23;\"><strong>WAND- UND DECKENGESTALTUNG<br \/> <\/strong><\/span><\/h2>\n<p><span style=\"color: #851f23;\">\u25a0<\/span>\u00a0 Feuchtraumpaneele<br \/> <span style=\"color: #851f23;\">\u25a0<\/span>\u00a0 Wandvert\u00e4felungen<br \/> <span style=\"color: #851f23;\">\u25a0<\/span>\u00a0 Decorpaneele<br \/> <span style=\"color: #851f23;\">\u25a0<\/span>\u00a0 Holzdecken<\/p>\n<p>[\/et_pb_text][et_pb_gallery gallery_ids=&#8220;187,178,173,172,135,136&#8243; fullwidth=&#8220;on&#8220; _builder_version=&#8220;4.4.4&#8243; animation_style=&#8220;flip&#8220; auto=&#8220;on&#8220; auto_speed=&#8220;3500&#8243; border_width_all=&#8220;10px&#8220; border_color_all=&#8220;#ffffff&#8220; border_style_all=&#8220;ridge&#8220; box_shadow_style=&#8220;preset2&#8243;][\/et_pb_gallery][\/et_pb_column][\/et_pb_row][\/et_pb_section][et_pb_section fb_built=&#8220;1&#8243; admin_label=&#8220;Social Follow&#8220; _builder_version=&#8220;4.4.4&#8243; background_color=&#8220;#da921d&#8220; max_height=&#8220;210px&#8220; custom_padding=&#8220;20px|0px|20px|0px|true|false&#8220; animation_style=&#8220;slide&#8220; animation_direction=&#8220;bottom&#8220; border_width_bottom=&#8220;20px&#8220; border_color_bottom=&#8220;#ffffff&#8220; locked=&#8220;off&#8220; collapsed=&#8220;off&#8220;][et_pb_row _builder_version=&#8220;3.25&#8243;][et_pb_column type=&#8220;4_4&#8243; _builder_version=&#8220;3.25&#8243; custom_padding=&#8220;|||&#8220; custom_padding__hover=&#8220;|||&#8220;][et_pb_text _builder_version=&#8220;4.4.4&#8243; text_font=&#8220;Open Sans||||||||&#8220; text_line_height=&#8220;1.5em&#8220; link_font=&#8220;||||||||&#8220; ul_font=&#8220;||||||||&#8220; ol_font=&#8220;||||||||&#8220; quote_font=&#8220;||||||||&#8220; header_font=&#8220;||||||||&#8220; header_2_font=&#8220;||||||||&#8220; header_3_font=&#8220;||||||||&#8220; header_4_font=&#8220;Open Sans|800||on|||||&#8220; header_4_font_size=&#8220;16px&#8220; header_4_letter_spacing=&#8220;0.5px&#8220; header_4_line_height=&#8220;1.7em&#8220; header_5_font=&#8220;||||||||&#8220; header_6_font=&#8220;||||||||&#8220; text_orientation=&#8220;center&#8220; background_layout=&#8220;dark&#8220; locked=&#8220;off&#8220;]<\/p>\n<h4>Folgen Sie uns!<\/h4>\n<p>[\/et_pb_text][et_pb_social_media_follow _builder_version=&#8220;4.4.4&#8243; text_orientation=&#8220;center&#8220; border_radii=&#8220;on|0px|0px|0px|0px&#8220;][et_pb_social_media_follow_network social_network=&#8220;facebook&#8220; url=&#8220;https:\/\/de-de.facebook.com\/ploessl.holz\/&#8220; _builder_version=&#8220;4.4.4&#8243; background_color=&#8220;rgba(0,0,0,0.21)&#8220; custom_margin=&#8220;4px|4px|4px|4px|true|true&#8220; custom_padding=&#8220;4px|4px|4px|4px|true|true&#8220; follow_button=&#8220;off&#8220; url_new_window=&#8220;on&#8220;]facebook[\/et_pb_social_media_follow_network][\/et_pb_social_media_follow][\/et_pb_column][\/et_pb_row][\/et_pb_section]<\/p>\n","protected":false},"excerpt":{"rendered":"<p>BODENBEL\u00c4GE \u25a0\u00a0 Parkett \u25a0\u00a0 Landhausdielen \u25a0\u00a0 Schiffsb\u00f6den \u25a0\u00a0 Vinylb\u00f6den \u25a0\u00a0 Laminatb\u00f6den \u25a0\u00a0 Korkb\u00f6den \u25a0\u00a0 Massivholzdielen \u25a0\u00a0 Bodenzubeh\u00f6r Fliesenoptik, PVC-frei, 100 % nat\u00fcrliche Bestandteile, wasserfest, &#8230; Ob f\u00fcr privaten oder gewerblichen Bereich. Wir haben den passenden Boden f\u00fcr Ihre Anspr\u00fcche. &nbsp; WAND- UND DECKENGESTALTUNG \u25a0\u00a0 Feuchtraumpaneele \u25a0\u00a0 Wandvert\u00e4felungen \u25a0\u00a0 Decorpaneele \u25a0\u00a0 HolzdeckenFolgen Sie uns!<\/p>\n","protected":false},"author":1,"featured_media":0,"parent":0,"menu_order":0,"comment_status":"closed","ping_status":"closed","template":"","meta":{"_et_pb_use_builder":"on","_et_pb_old_content":"","_et_gb_content_width":""},"_links":{"self":[{"href":"https:\/\/www.ploessl-holz.de\/index.php?rest_route=\/wp\/v2\/pages\/465"}],"collection":[{"href":"https:\/\/www.ploessl-holz.de\/index.php?rest_route=\/wp\/v2\/pages"}],"about":[{"href":"https:\/\/www.ploessl-holz.de\/index.php?rest_route=\/wp\/v2\/types\/page"}],"author":[{"embeddable":true,"href":"https:\/\/www.ploessl-holz.de\/index.php?rest_route=\/wp\/v2\/users\/1"}],"replies":[{"embeddable":true,"href":"https:\/\/www.ploessl-holz.de\/index.php?rest_route=%2Fwp%2Fv2%2Fcomments&post=465"}],"version-history":[{"count":14,"href":"https:\/\/www.ploessl-holz.de\/index.php?rest_route=\/wp\/v2\/pages\/465\/revisions"}],"predecessor-version":[{"id":908,"href":"https:\/\/www.ploessl-holz.de\/index.php?rest_route=\/wp\/v2\/pages\/465\/revisions\/908"}],"wp:attachment":[{"href":"https:\/\/www.ploessl-holz.de\/index.php?rest_route=%2Fwp%2Fv2%2Fmedia&parent=465"}],"curies":[{"name":"wp","href":"https:\/\/api.w.org\/{rel}","templated":true}]}}