{"id":497,"date":"2020-04-29T18:01:48","date_gmt":"2020-04-29T16:01:48","guid":{"rendered":"https:\/\/www.ploessl-holz.de\/?page_id=497"},"modified":"2020-07-20T10:48:58","modified_gmt":"2020-07-20T08:48:58","slug":"ueber-uns","status":"publish","type":"page","link":"https:\/\/www.ploessl-holz.de\/?page_id=497","title":{"rendered":"\u00dcber uns"},"content":{"rendered":"<p>[et_pb_section fb_built=&#8220;1&#8243; fullwidth=&#8220;on&#8220; _builder_version=&#8220;4.4.4&#8243;][et_pb_fullwidth_image _builder_version=&#8220;4.4.4&#8243; background_enable_color=&#8220;off&#8220; border_color_top=&#8220;#851f23&#8243; border_width_bottom=&#8220;20px&#8220; border_color_bottom=&#8220;#da921d&#8220; border_color_top_tablet=&#8220;&#8220; border_color_top_phone=&#8220;&#8220; border_color_top_last_edited=&#8220;on|desktop&#8220; border_color_top__hover_enabled=&#8220;on|desktop&#8220;][\/et_pb_fullwidth_image][et_pb_fullwidth_image _builder_version=&#8220;4.4.4&#8243; background_enable_color=&#8220;off&#8220; border_color_top=&#8220;#851f23&#8243; border_width_bottom=&#8220;5px&#8220; border_color_bottom=&#8220;#ffffff&#8220; border_color_top_tablet=&#8220;&#8220; border_color_top_phone=&#8220;&#8220; border_color_top_last_edited=&#8220;on|desktop&#8220; border_color_top__hover_enabled=&#8220;on|desktop&#8220;][\/et_pb_fullwidth_image][et_pb_fullwidth_slider show_pagination=&#8220;off&#8220; dot_nav_custom_color=&#8220;rgba(0,0,0,0)&#8220; _builder_version=&#8220;4.4.5&#8243; background_color=&#8220;rgba(0,0,0,0)&#8220; content_width=&#8220;100%&#8220; content_max_width=&#8220;100%&#8220; height=&#8220;500px&#8220; animation_style=&#8220;flip&#8220; auto=&#8220;on&#8220; auto_speed=&#8220;4000&#8243; border_width_bottom=&#8220;10px&#8220; border_color_bottom=&#8220;#ffffff&#8220; border_width_bottom_image=&#8220;10px&#8220; box_shadow_style_image=&#8220;preset2&#8243;][et_pb_slide _builder_version=&#8220;4.4.4&#8243; background_color=&#8220;#e09900&#8243; background_enable_color=&#8220;on&#8220; background_image=&#8220;https:\/\/www.ploessl-holz.de\/wp-content\/uploads\/2020\/04\/MG_5442-scaled.jpg&#8220; background_enable_image=&#8220;on&#8220; width=&#8220;100%&#8220; max_width=&#8220;100%&#8220;][\/et_pb_slide][et_pb_slide use_text_overlay=&#8220;off&#8220; dot_nav_custom_color=&#8220;rgba(0,0,0,0)&#8220; _builder_version=&#8220;4.4.5&#8243; background_color=&#8220;#e09900&#8243; background_enable_color=&#8220;on&#8220; background_image=&#8220;https:\/\/www.ploessl-holz.de\/wp-content\/uploads\/2020\/04\/board-1854180_3.jpg&#8220; background_enable_image=&#8220;on&#8220; width=&#8220;100%&#8220; max_width=&#8220;100%&#8220; hover_transition_speed_curve=&#8220;ease-in-out&#8220;][\/et_pb_slide][et_pb_slide _builder_version=&#8220;4.4.5&#8243; background_color=&#8220;#e09900&#8243; background_enable_color=&#8220;on&#8220; background_image=&#8220;https:\/\/www.ploessl-holz.de\/wp-content\/uploads\/2020\/04\/MG_5434-scaled.jpg&#8220; background_enable_image=&#8220;on&#8220; width=&#8220;100%&#8220; max_width=&#8220;100%&#8220;][\/et_pb_slide][\/et_pb_fullwidth_slider][et_pb_fullwidth_image _builder_version=&#8220;4.4.4&#8243; background_enable_color=&#8220;off&#8220; border_width_top=&#8220;50px&#8220; border_color_top=&#8220;#851f23&#8243; border_color_top_tablet=&#8220;&#8220; border_color_top_phone=&#8220;&#8220; border_color_top_last_edited=&#8220;on|desktop&#8220; border_color_top__hover_enabled=&#8220;on|desktop&#8220;][\/et_pb_fullwidth_image][\/et_pb_section][et_pb_section fb_built=&#8220;1&#8243; admin_label=&#8220;Body&#8220; _builder_version=&#8220;4.4.6&#8243; background_image=&#8220;https:\/\/www.ploessl-holz.de\/wp-content\/uploads\/2020\/04\/board-1854180_2.jpg&#8220; parallax=&#8220;on&#8220; parallax_method=&#8220;off&#8220;][et_pb_row column_structure=&#8220;1_4,3_4&#8243; _builder_version=&#8220;3.25&#8243;][et_pb_column type=&#8220;1_4&#8243; _builder_version=&#8220;3.25&#8243; custom_padding=&#8220;|||&#8220; custom_padding__hover=&#8220;|||&#8220;][et_pb_blurb title=&#8220;BAUEN&#8220; use_icon=&#8220;on&#8220; font_icon=&#8220;%%61%%&#8220; icon_color=&#8220;#ffffff&#8220; icon_placement=&#8220;left&#8220; _builder_version=&#8220;4.4.4&#8243; header_level=&#8220;h2&#8243; header_font=&#8220;Arial||||||||&#8220; header_line_height=&#8220;1.5em&#8220; background_layout=&#8220;dark&#8220; header_text_shadow_style=&#8220;preset2&#8243;][\/et_pb_blurb][et_pb_blurb title=&#8220;WOHNEN&#8220; use_icon=&#8220;on&#8220; font_icon=&#8220;%%61%%&#8220; icon_color=&#8220;#ffffff&#8220; icon_placement=&#8220;left&#8220; _builder_version=&#8220;4.4.4&#8243; header_level=&#8220;h2&#8243; header_font=&#8220;Arial||||||||&#8220; header_line_height=&#8220;1.5em&#8220; background_layout=&#8220;dark&#8220; header_text_shadow_style=&#8220;preset2&#8243;][\/et_pb_blurb][et_pb_blurb title=&#8220;GARTEN&#8220; use_icon=&#8220;on&#8220; font_icon=&#8220;%%61%%&#8220; icon_color=&#8220;#ffffff&#8220; icon_placement=&#8220;left&#8220; _builder_version=&#8220;4.4.4&#8243; header_level=&#8220;h2&#8243; header_font=&#8220;Arial||||||||&#8220; header_line_height=&#8220;1.5em&#8220; background_layout=&#8220;dark&#8220; header_text_shadow_style=&#8220;preset2&#8243;][\/et_pb_blurb][et_pb_blurb title=&#8220;\u00dcBER UNS&#8220; use_icon=&#8220;on&#8220; font_icon=&#8220;%%61%%&#8220; icon_color=&#8220;#da921d&#8220; icon_placement=&#8220;left&#8220; _builder_version=&#8220;4.4.4&#8243; header_level=&#8220;h2&#8243; header_font=&#8220;Arial|700|||||||&#8220; header_text_color=&#8220;#da921d&#8220; header_line_height=&#8220;1.5em&#8220; background_layout=&#8220;dark&#8220; header_text_shadow_style=&#8220;preset2&#8243;][\/et_pb_blurb][et_pb_divider show_divider=&#8220;off&#8220; _builder_version=&#8220;4.4.4&#8243; height=&#8220;50px&#8220;][\/et_pb_divider][et_pb_image src=&#8220;https:\/\/www.ploessl-holz.de\/wp-content\/uploads\/2020\/04\/Wappen.png&#8220; title_text=&#8220;Wappen&#8220; align=&#8220;center&#8220; force_fullwidth=&#8220;on&#8220; _builder_version=&#8220;4.4.4&#8243; background_color=&#8220;rgba(0,0,0,0)&#8220; animation_style=&#8220;flip&#8220;][\/et_pb_image][\/et_pb_column][et_pb_column type=&#8220;3_4&#8243; _builder_version=&#8220;3.25&#8243; custom_padding=&#8220;|||&#8220; custom_padding__hover=&#8220;|||&#8220;][et_pb_text _builder_version=&#8220;4.5.1&#8243; text_font=&#8220;Arial|600|||||||&#8220; text_text_color=&#8220;#495050&#8243; text_font_size=&#8220;16px&#8220; text_line_height=&#8220;1.8em&#8220; header_font=&#8220;||||||||&#8220; header_3_font=&#8220;|800|||||||&#8220; header_3_text_color=&#8220;#f25b3a&#8220; header_3_font_size=&#8220;24px&#8220; header_3_line_height=&#8220;1.8em&#8220; background_color=&#8220;rgba(255,255,255,0.75)&#8220; custom_padding=&#8220;30px|30px|30px|50px|false|false&#8220; hover_enabled=&#8220;0&#8243; header_3_font_size_tablet=&#8220;&#8220; header_3_font_size_phone=&#8220;18px&#8220; header_3_font_size_last_edited=&#8220;on|phone&#8220; box_shadow_style=&#8220;preset2&#8243; locked=&#8220;off&#8220;]<\/p>\n<p><span style=\"color: #851f23;\">\u25a0<\/span>\u00a0 Seit 1886, in 5. Generation, ist die Firma Pl\u00f6ssl in Familienbesitz.<\/p>\n<p><span style=\"color: #851f23;\">\u25a0<\/span>\u00a0 Holz ist ein beliebter und nat\u00fcrlicher Werkstoff, der sich vielf\u00e4ltig verwenden l\u00e4sst. Er ist ein umweltfreundlicher Baustoff mit langer Tradition.<\/p>\n<p><span style=\"color: #851f23;\">\u25a0<\/span>\u00a0 Die Auswahl bei der Holzfachhandlung Pl\u00f6ssl ist sehr umfangreich. Um den Kunden die Entscheidung zu erleichtern, pr\u00e4sentieren wir in unserer Ausstellungshalle und im Freigel\u00e4nde die unterschiedlichsten Gestaltungs- und Verwendungsm\u00f6glichkeiten von Holz im Innen- und Au\u00dfenbereich.<\/p>\n<p><span style=\"color: #851f23;\">\u25a0<\/span>\u00a0 Die Verarbeitung erfolgt ausschlie\u00dflich mit regenerativen Energien aus der eigenen Wasserkraftanlage, im eigenen Hobelwerk und Trockenkammer.<\/p>\n<p><span style=\"color: #851f23;\">\u25a0<\/span>\u00a0 Wir bieten neben fachkundiger Beratung, Lieferservice und Verlegeservice.<\/p>\n<p>[\/et_pb_text][et_pb_gallery gallery_ids=&#8220;181,169,162,131,127,129,135&#8243; fullwidth=&#8220;on&#8220; _builder_version=&#8220;4.5.1&#8243; animation_style=&#8220;flip&#8220; auto=&#8220;on&#8220; auto_speed=&#8220;3500&#8243; border_width_all=&#8220;10px&#8220; border_color_all=&#8220;#ffffff&#8220; border_style_all=&#8220;ridge&#8220;][\/et_pb_gallery][\/et_pb_column][\/et_pb_row][\/et_pb_section][et_pb_section fb_built=&#8220;1&#8243; admin_label=&#8220;Social Follow&#8220; _builder_version=&#8220;4.4.4&#8243; background_color=&#8220;#da921d&#8220; max_height=&#8220;210px&#8220; custom_padding=&#8220;20px|0px|20px|0px|true|false&#8220; animation_style=&#8220;slide&#8220; animation_direction=&#8220;bottom&#8220; border_width_bottom=&#8220;20px&#8220; border_color_bottom=&#8220;#ffffff&#8220; locked=&#8220;off&#8220; collapsed=&#8220;off&#8220;][et_pb_row _builder_version=&#8220;3.25&#8243;][et_pb_column type=&#8220;4_4&#8243; _builder_version=&#8220;3.25&#8243; custom_padding=&#8220;|||&#8220; custom_padding__hover=&#8220;|||&#8220;][et_pb_text _builder_version=&#8220;4.4.4&#8243; text_font=&#8220;Open Sans||||||||&#8220; text_line_height=&#8220;1.5em&#8220; link_font=&#8220;||||||||&#8220; ul_font=&#8220;||||||||&#8220; ol_font=&#8220;||||||||&#8220; quote_font=&#8220;||||||||&#8220; header_font=&#8220;||||||||&#8220; header_2_font=&#8220;||||||||&#8220; header_3_font=&#8220;||||||||&#8220; header_4_font=&#8220;Open Sans|800||on|||||&#8220; header_4_font_size=&#8220;16px&#8220; header_4_letter_spacing=&#8220;0.5px&#8220; header_4_line_height=&#8220;1.7em&#8220; header_5_font=&#8220;||||||||&#8220; header_6_font=&#8220;||||||||&#8220; text_orientation=&#8220;center&#8220; background_layout=&#8220;dark&#8220; locked=&#8220;off&#8220;]<\/p>\n<h4>Folgen Sie uns!<\/h4>\n<p>[\/et_pb_text][et_pb_social_media_follow _builder_version=&#8220;4.4.4&#8243; text_orientation=&#8220;center&#8220; border_radii=&#8220;on|0px|0px|0px|0px&#8220;][et_pb_social_media_follow_network social_network=&#8220;facebook&#8220; url=&#8220;https:\/\/de-de.facebook.com\/ploessl.holz\/&#8220; _builder_version=&#8220;4.4.4&#8243; background_color=&#8220;rgba(0,0,0,0.21)&#8220; custom_margin=&#8220;4px|4px|4px|4px|true|true&#8220; custom_padding=&#8220;4px|4px|4px|4px|true|true&#8220; follow_button=&#8220;off&#8220; url_new_window=&#8220;on&#8220;]facebook[\/et_pb_social_media_follow_network][\/et_pb_social_media_follow][\/et_pb_column][\/et_pb_row][\/et_pb_section]<\/p>\n","protected":false},"excerpt":{"rendered":"<p>\u25a0\u00a0 Seit 1886, in 5. Generation, ist die Firma Pl\u00f6ssl in Familienbesitz. \u25a0\u00a0 Holz ist ein beliebter und nat\u00fcrlicher Werkstoff, der sich vielf\u00e4ltig verwenden l\u00e4sst. Er ist ein umweltfreundlicher Baustoff mit langer Tradition. \u25a0\u00a0 Die Auswahl bei der Holzfachhandlung Pl\u00f6ssl ist sehr umfangreich. Um den Kunden die Entscheidung zu erleichtern, pr\u00e4sentieren wir in unserer Ausstellungshalle [&hellip;]<\/p>\n","protected":false},"author":1,"featured_media":0,"parent":0,"menu_order":0,"comment_status":"closed","ping_status":"closed","template":"","meta":{"_et_pb_use_builder":"on","_et_pb_old_content":"","_et_gb_content_width":""},"_links":{"self":[{"href":"https:\/\/www.ploessl-holz.de\/index.php?rest_route=\/wp\/v2\/pages\/497"}],"collection":[{"href":"https:\/\/www.ploessl-holz.de\/index.php?rest_route=\/wp\/v2\/pages"}],"about":[{"href":"https:\/\/www.ploessl-holz.de\/index.php?rest_route=\/wp\/v2\/types\/page"}],"author":[{"embeddable":true,"href":"https:\/\/www.ploessl-holz.de\/index.php?rest_route=\/wp\/v2\/users\/1"}],"replies":[{"embeddable":true,"href":"https:\/\/www.ploessl-holz.de\/index.php?rest_route=%2Fwp%2Fv2%2Fcomments&post=497"}],"version-history":[{"count":23,"href":"https:\/\/www.ploessl-holz.de\/index.php?rest_route=\/wp\/v2\/pages\/497\/revisions"}],"predecessor-version":[{"id":1004,"href":"https:\/\/www.ploessl-holz.de\/index.php?rest_route=\/wp\/v2\/pages\/497\/revisions\/1004"}],"wp:attachment":[{"href":"https:\/\/www.ploessl-holz.de\/index.php?rest_route=%2Fwp%2Fv2%2Fmedia&parent=497"}],"curies":[{"name":"wp","href":"https:\/\/api.w.org\/{rel}","templated":true}]}}