{"id":50,"date":"2020-04-27T19:03:01","date_gmt":"2020-04-27T17:03:01","guid":{"rendered":"https:\/\/www.ploessl-holz.de\/?page_id=50"},"modified":"2020-07-20T09:47:13","modified_gmt":"2020-07-20T07:47:13","slug":"impressum","status":"publish","type":"page","link":"https:\/\/www.ploessl-holz.de\/?page_id=50","title":{"rendered":"Impressum"},"content":{"rendered":"<p>[et_pb_section fb_built=&#8220;1&#8243; fullwidth=&#8220;on&#8220; _builder_version=&#8220;4.4.4&#8243; collapsed=&#8220;on&#8220;][et_pb_fullwidth_image _builder_version=&#8220;4.4.4&#8243; background_enable_color=&#8220;off&#8220; border_color_top=&#8220;#851f23&#8243; border_width_bottom=&#8220;20px&#8220; border_color_bottom=&#8220;#da921d&#8220; border_color_top_tablet=&#8220;&#8220; border_color_top_phone=&#8220;&#8220; border_color_top_last_edited=&#8220;on|desktop&#8220; border_color_top__hover_enabled=&#8220;on|desktop&#8220;][\/et_pb_fullwidth_image][et_pb_fullwidth_image _builder_version=&#8220;4.4.4&#8243; background_enable_color=&#8220;off&#8220; border_color_top=&#8220;#851f23&#8243; border_width_bottom=&#8220;5px&#8220; border_color_bottom=&#8220;#ffffff&#8220; border_color_top_tablet=&#8220;&#8220; border_color_top_phone=&#8220;&#8220; border_color_top_last_edited=&#8220;on|desktop&#8220; border_color_top__hover_enabled=&#8220;on|desktop&#8220;][\/et_pb_fullwidth_image][\/et_pb_section][et_pb_section fb_built=&#8220;1&#8243; admin_label=&#8220;Header&#8220; _builder_version=&#8220;4.4.6&#8243; use_background_color_gradient=&#8220;on&#8220; background_color_gradient_start=&#8220;#210b00&#8243; background_color_gradient_end=&#8220;rgba(33,25,21,0)&#8220; background_color_gradient_type=&#8220;radial&#8220; background_color_gradient_direction_radial=&#8220;top right&#8220; background_color_gradient_start_position=&#8220;10%&#8220; background_color_gradient_overlays_image=&#8220;on&#8220; background_image=&#8220;https:\/\/www.ploessl-holz.de\/wp-content\/uploads\/2020\/04\/Carpenter-Image-13-.jpg&#8220; height=&#8220;500px&#8220; max_height=&#8220;500px&#8220; custom_padding=&#8220;0|0|80px||false|false&#8220; collapsed=&#8220;off&#8220;][et_pb_row _builder_version=&#8220;4.4.4&#8243;][et_pb_column type=&#8220;4_4&#8243; _builder_version=&#8220;4.4.4&#8243;][et_pb_text _builder_version=&#8220;4.4.4&#8243; text_font=&#8220;Open Sans||||||||&#8220; text_font_size=&#8220;18px&#8220; text_line_height=&#8220;2em&#8220; header_font=&#8220;|800||on|||||&#8220; header_font_size=&#8220;50px&#8220; header_line_height=&#8220;1.4em&#8220; background_layout=&#8220;dark&#8220;]<\/p>\n<h1>\u00a0<\/h1>\n<h1>\u00a0<\/h1>\n<h1>\u00a0<\/h1>\n<h1>\u00a0<\/h1>\n<h1>Impressum<\/h1>\n<p>[\/et_pb_text][\/et_pb_column][\/et_pb_row][\/et_pb_section][et_pb_section fb_built=&#8220;1&#8243; fullwidth=&#8220;on&#8220; _builder_version=&#8220;4.4.4&#8243; collapsed=&#8220;on&#8220;][et_pb_fullwidth_image _builder_version=&#8220;4.4.4&#8243; background_enable_color=&#8220;off&#8220; border_color_top=&#8220;#851f23&#8243; border_width_bottom=&#8220;10px&#8220; border_color_bottom=&#8220;#ffffff&#8220; border_color_top_tablet=&#8220;&#8220; border_color_top_phone=&#8220;&#8220; border_color_top_last_edited=&#8220;on|desktop&#8220; border_color_top__hover_enabled=&#8220;on|desktop&#8220;][\/et_pb_fullwidth_image][et_pb_fullwidth_image _builder_version=&#8220;4.4.4&#8243; background_enable_color=&#8220;off&#8220; border_width_top=&#8220;50px&#8220; border_color_top=&#8220;#851f23&#8243; border_color_top_tablet=&#8220;&#8220; border_color_top_phone=&#8220;&#8220; border_color_top_last_edited=&#8220;on|desktop&#8220; border_color_top__hover_enabled=&#8220;on|desktop&#8220;][\/et_pb_fullwidth_image][\/et_pb_section][et_pb_section fb_built=&#8220;1&#8243; admin_label=&#8220;Body&#8220; _builder_version=&#8220;4.4.6&#8243;][et_pb_row column_structure=&#8220;1_2,1_2&#8243; _builder_version=&#8220;3.25&#8243;][et_pb_column type=&#8220;1_2&#8243; _builder_version=&#8220;3.25&#8243; custom_padding=&#8220;|||&#8220; custom_padding__hover=&#8220;|||&#8220;][et_pb_text _builder_version=&#8220;4.5.1&#8243; text_font=&#8220;Open Sans||||||||&#8220; text_font_size=&#8220;16px&#8220; text_line_height=&#8220;1.8em&#8220; header_font=&#8220;||||||||&#8220; header_3_font=&#8220;|800|||||||&#8220; header_3_text_color=&#8220;#f25b3a&#8220; header_3_font_size=&#8220;24px&#8220; header_3_line_height=&#8220;1.8em&#8220; hover_enabled=&#8220;0&#8243; header_3_font_size_tablet=&#8220;&#8220; header_3_font_size_phone=&#8220;18px&#8220; header_3_font_size_last_edited=&#8220;on|phone&#8220; locked=&#8220;off&#8220;]<\/p>\n<p><strong>Angaben gem\u00e4\u00df \u00a7 5 TMG<\/strong><\/p>\n<p>Holzfachhandel Pl\u00f6ssl &amp; S\u00f6hne<\/p>\n<p>M\u00fchlweg 6<\/p>\n<p>83301 Traunreut<\/p>\n<p>Handelsregister: HRA 2404<\/p>\n<p>Registergericht: Traunstein<\/p>\n<p>&nbsp;<\/p>\n<p><strong>Vertreten durch:<\/strong><\/p>\n<p>Josef Wolferstetter e.K.<\/p>\n<p>&nbsp;<\/p>\n<p>[\/et_pb_text][\/et_pb_column][et_pb_column type=&#8220;1_2&#8243; _builder_version=&#8220;3.25&#8243; custom_padding=&#8220;|||&#8220; custom_padding__hover=&#8220;|||&#8220;][et_pb_text _builder_version=&#8220;4.4.4&#8243; text_font=&#8220;Open Sans||||||||&#8220; text_font_size=&#8220;16px&#8220; text_line_height=&#8220;1.8em&#8220; header_font=&#8220;||||||||&#8220; header_3_font=&#8220;|800|||||||&#8220; header_3_text_color=&#8220;#f25b3a&#8220; header_3_font_size=&#8220;24px&#8220; header_3_line_height=&#8220;1.8em&#8220; hover_enabled=&#8220;0&#8243; header_3_font_size_tablet=&#8220;&#8220; header_3_font_size_phone=&#8220;18px&#8220; header_3_font_size_last_edited=&#8220;on|phone&#8220; locked=&#8220;off&#8220;]<\/p>\n<p><strong>Kontakt<\/strong><\/p>\n<p>Telefon: +49 (0) 8669 &#8211; 28 29<\/p>\n<p>Telefax: +49 (0) 8669 &#8211; 48 71<\/p>\n<p>E-Mail: <a href=\"mailto:info@ploessl-holz.de\">info@ploessl-holz.de<\/a><\/p>\n<p>&nbsp;<\/p>\n<p>&nbsp;<\/p>\n<p>&nbsp;<\/p>\n<p><strong>Umsatzsteuer-ID<\/strong><\/p>\n<p>Umsatzsteuer-Identifikationsnummer gem\u00e4\u00df \u00a7 27 a Umsatzsteuergesetz:\u00a0 DE131549119<\/p>\n<p>[\/et_pb_text][\/et_pb_column][\/et_pb_row][et_pb_row _builder_version=&#8220;3.25&#8243;][et_pb_column type=&#8220;4_4&#8243; _builder_version=&#8220;3.25&#8243; custom_padding=&#8220;|||&#8220; custom_padding__hover=&#8220;|||&#8220;][et_pb_text _builder_version=&#8220;4.4.4&#8243; text_font=&#8220;Open Sans||||||||&#8220; text_font_size=&#8220;16px&#8220; text_line_height=&#8220;1.8em&#8220; header_font=&#8220;||||||||&#8220; header_3_font=&#8220;|800|||||||&#8220; header_3_text_color=&#8220;#f25b3a&#8220; header_3_font_size=&#8220;24px&#8220; header_3_line_height=&#8220;1.8em&#8220; text_orientation=&#8220;justified&#8220; header_3_font_size_tablet=&#8220;&#8220; header_3_font_size_phone=&#8220;18px&#8220; header_3_font_size_last_edited=&#8220;on|phone&#8220; locked=&#8220;off&#8220;]<\/p>\n<p><strong>Haftung f\u00fcr Inhalte<\/strong><\/p>\n<p>Als Diensteanbieter sind wir gem\u00e4\u00df \u00a7 7 Abs.1 TMG f\u00fcr eigene Inhalte auf diesen Seiten nach den allgemeinen Gesetzen verantwortlich. Nach \u00a7\u00a7 8 bis 10 TMG sind wir als Diensteanbieter jedoch nicht verpflichtet, \u00fcbermittelte oder gespeicherte fremde Informationen zu \u00fcberwachen oder nach Umst\u00e4nden zu forschen, die auf eine rechtswidrige T\u00e4tigkeit hinweisen. Verpflichtungen zur Entfernung oder Sperrung der Nutzung von Informationen nach den allgemeinen 2 \/ 4 Gesetzen bleiben hiervon unber\u00fchrt. Eine diesbez\u00fcgliche Haftung ist jedoch erst ab dem Zeitpunkt der Kenntnis einer konkreten Rechtsverletzung m\u00f6glich. Bei Bekanntwerden von entsprechenden Rechtsverletzungen werden wir diese Inhalte umgehend entfernen.<\/p>\n<p>&nbsp;<\/p>\n<p><strong>Haftung f\u00fcr Links<\/strong><\/p>\n<p>Unser Angebot enth\u00e4lt Links zu externen Websites Dritter, auf deren Inhalte wir keinen Einfluss haben.<\/p>\n<p>Deshalb k\u00f6nnen wir f\u00fcr diese fremden Inhalte auch keine Gew\u00e4hr \u00fcbernehmen. F\u00fcr die Inhalte der verlinkten Seiten ist stets der jeweilige Anbieter oder Betreiber der Seiten verantwortlich. Die verlinkten<\/p>\n<p>Seiten wurden zum Zeitpunkt der Verlinkung auf m\u00f6gliche Rechtsverst\u00f6\u00dfe \u00fcberpr\u00fcft. Rechtswidrige Inhalte waren zum Zeitpunkt der Verlinkung nicht erkennbar. Eine permanente inhaltliche Kontrolle der verlinkten Seiten ist jedoch ohne konkrete Anhaltspunkte einer Rechtsverletzung nicht zumutbar. Bei Bekanntwerden von Rechtsverletzungen werden wir derartige Links umgehend entfernen.<\/p>\n<p>&nbsp;<\/p>\n<p><strong>Urheberrecht<\/strong><\/p>\n<p>Die durch die Seitenbetreiber erstellten Inhalte und Werke auf diesen Seiten unterliegen dem deutschen Urheberrecht. Die Vervielf\u00e4ltigung, Bearbeitung, Verbreitung und jede Art der Verwertung au\u00dferhalb der Grenzen des Urheberrechtes bed\u00fcrfen der schriftlichen Zustimmung des jeweiligen Autors bzw. Erstellers. Downloads und Kopien dieser Seite sind nur f\u00fcr den privaten, nicht kommerziellen Gebrauch gestattet. Soweit die Inhalte auf dieser Seite nicht vom Betreiber erstellt wurden, werden die Urheberrechte Dritter beachtet. Insbesondere werden Inhalte Dritter als solche gekennzeichnet. Sollten Sie trotzdem auf eine Urheberrechtsverletzung aufmerksam werden, bitten wir um einen entsprechenden Hinweis. Bei Bekanntwerden von Rechtsverletzungen werden wir derartige Inhalte umgehend entfernen.<\/p>\n<p>&nbsp;<\/p>\n<p>Quelle: <a href=\"http:\/\/e-recht24.de\" target=\"_blank\" rel=\"noopener noreferrer\">e-recht24.de<\/a><\/p>\n<p>[\/et_pb_text][\/et_pb_column][\/et_pb_row][\/et_pb_section][et_pb_section fb_built=&#8220;1&#8243; admin_label=&#8220;Social Follow&#8220; _builder_version=&#8220;4.4.4&#8243; background_color=&#8220;#da921d&#8220; max_height=&#8220;210px&#8220; custom_padding=&#8220;20px|0px|20px|0px|true|false&#8220; animation_style=&#8220;slide&#8220; animation_direction=&#8220;bottom&#8220; border_width_bottom=&#8220;20px&#8220; border_color_bottom=&#8220;#ffffff&#8220; locked=&#8220;off&#8220; collapsed=&#8220;off&#8220;][et_pb_row _builder_version=&#8220;3.25&#8243;][et_pb_column type=&#8220;4_4&#8243; _builder_version=&#8220;3.25&#8243; custom_padding=&#8220;|||&#8220; custom_padding__hover=&#8220;|||&#8220;][et_pb_text _builder_version=&#8220;4.4.4&#8243; text_font=&#8220;Open Sans||||||||&#8220; text_line_height=&#8220;1.5em&#8220; link_font=&#8220;||||||||&#8220; ul_font=&#8220;||||||||&#8220; ol_font=&#8220;||||||||&#8220; quote_font=&#8220;||||||||&#8220; header_font=&#8220;||||||||&#8220; header_2_font=&#8220;||||||||&#8220; header_3_font=&#8220;||||||||&#8220; header_4_font=&#8220;Open Sans|800||on|||||&#8220; header_4_font_size=&#8220;16px&#8220; header_4_letter_spacing=&#8220;0.5px&#8220; header_4_line_height=&#8220;1.7em&#8220; header_5_font=&#8220;||||||||&#8220; header_6_font=&#8220;||||||||&#8220; text_orientation=&#8220;center&#8220; background_layout=&#8220;dark&#8220; locked=&#8220;off&#8220;]<\/p>\n<h4>Folgen Sie uns!<\/h4>\n<p>[\/et_pb_text][et_pb_social_media_follow _builder_version=&#8220;4.4.4&#8243; text_orientation=&#8220;center&#8220; border_radii=&#8220;on|0px|0px|0px|0px&#8220;][et_pb_social_media_follow_network social_network=&#8220;facebook&#8220; url=&#8220;https:\/\/de-de.facebook.com\/ploessl.holz\/&#8220; _builder_version=&#8220;4.4.4&#8243; background_color=&#8220;rgba(0,0,0,0.21)&#8220; custom_margin=&#8220;4px|4px|4px|4px|true|true&#8220; custom_padding=&#8220;4px|4px|4px|4px|true|true&#8220; follow_button=&#8220;off&#8220; url_new_window=&#8220;on&#8220;]facebook[\/et_pb_social_media_follow_network][\/et_pb_social_media_follow][\/et_pb_column][\/et_pb_row][\/et_pb_section]<\/p>\n","protected":false},"excerpt":{"rendered":"<p>\u00a0 \u00a0 \u00a0 \u00a0 ImpressumAngaben gem\u00e4\u00df \u00a7 5 TMG Holzfachhandel Pl\u00f6ssl &amp; S\u00f6hne M\u00fchlweg 6 83301 Traunreut Handelsregister: HRA 2404 Registergericht: Traunstein &nbsp; Vertreten durch: Josef Wolferstetter e.K. &nbsp; Kontakt Telefon: +49 (0) 8669 &#8211; 28 29 Telefax: +49 (0) 8669 &#8211; 48 71 E-Mail: info@ploessl-holz.de &nbsp; &nbsp; &nbsp; Umsatzsteuer-ID Umsatzsteuer-Identifikationsnummer gem\u00e4\u00df \u00a7 27 a [&hellip;]<\/p>\n","protected":false},"author":1,"featured_media":0,"parent":0,"menu_order":0,"comment_status":"closed","ping_status":"closed","template":"","meta":{"_et_pb_use_builder":"on","_et_pb_old_content":"","_et_gb_content_width":""},"_links":{"self":[{"href":"https:\/\/www.ploessl-holz.de\/index.php?rest_route=\/wp\/v2\/pages\/50"}],"collection":[{"href":"https:\/\/www.ploessl-holz.de\/index.php?rest_route=\/wp\/v2\/pages"}],"about":[{"href":"https:\/\/www.ploessl-holz.de\/index.php?rest_route=\/wp\/v2\/types\/page"}],"author":[{"embeddable":true,"href":"https:\/\/www.ploessl-holz.de\/index.php?rest_route=\/wp\/v2\/users\/1"}],"replies":[{"embeddable":true,"href":"https:\/\/www.ploessl-holz.de\/index.php?rest_route=%2Fwp%2Fv2%2Fcomments&post=50"}],"version-history":[{"count":34,"href":"https:\/\/www.ploessl-holz.de\/index.php?rest_route=\/wp\/v2\/pages\/50\/revisions"}],"predecessor-version":[{"id":998,"href":"https:\/\/www.ploessl-holz.de\/index.php?rest_route=\/wp\/v2\/pages\/50\/revisions\/998"}],"wp:attachment":[{"href":"https:\/\/www.ploessl-holz.de\/index.php?rest_route=%2Fwp%2Fv2%2Fmedia&parent=50"}],"curies":[{"name":"wp","href":"https:\/\/api.w.org\/{rel}","templated":true}]}}